{"id":2,"date":"2021-04-08T15:55:16","date_gmt":"2021-04-08T13:55:16","guid":{"rendered":"https:\/\/annetherapeute.com\/?page_id=2"},"modified":"2023-11-17T18:12:39","modified_gmt":"2023-11-17T17:12:39","slug":"page-d-exemple","status":"publish","type":"page","link":"https:\/\/annetherapeute.com\/","title":{"rendered":"Site en pr\u00e9paration 2"},"content":{"rendered":"\n<p>R\u00e9gion Centre, France, Europe<\/p>\n\n\n\n<p><strong>L\u2019\u00e9nergie fait des merveilles&nbsp;:<br>Une approche humaine, une th\u00e9rapeute \u00e0 votre service<\/strong><\/p>\n\n\n\n<p><strong>J\u2019ai d\u00e9couvert le magn\u00e9tisme<\/strong> lorsque mes mains se sont \u00e9veill\u00e9es apr\u00e8s un profond bouleversement&nbsp;personnel. Ce don me vient de mon grand-p\u00e8re maternel avec lequel j\u2019entretenais un lien privil\u00e9gi\u00e9. C\u2019est \u00e0 lui notamment que je dois mon attachement \u00e0 la nature, aux animaux et aux valeurs de la terre.<\/p>\n\n\n\n<p>J\u2019ai alors d\u00e9cid\u00e9 <strong>d\u2019approfondir ce don<\/strong> qui me lie \u00e0 l\u2019\u00e9nergie en m\u2019orientant vers une formation et des accompagnements d\u2019experts, lesquels m\u2019ont dispens\u00e9 leurs savoirs et m\u2019ont appris \u00e0 canaliser mon \u00e9nergie, afin de la transmettre \u00e0 ceux qui en ont besoin dans le cadre de soins par apposition des mains.<\/p>\n\n\n\n<p>Je r\u00e9alise d\u00e9sormais des <strong>soins en transmettant cette \u00e9nergie en pr\u00e9sentiel ou \u00e0 distance<\/strong> afin de <strong>soulager les personnes et les animaux de leurs maux<\/strong>. Mon approche de la maladie prend en compte toutes ses dimensions, notamment les racines \u00e9motionnelles qui y sont li\u00e9es et auxquelles ont ne pense pas toujours comme origine de la souffrance. Je me propose donc de vous accompagner, quelle que soit la localisation de vos douleurs, afin d\u2019agir avec efficacit\u00e9 pour les traiter de mani\u00e8re naturelle.<\/p>\n\n\n\n<p><strong>Pourquoi vous consulter&nbsp;Anne Rousset ?<\/strong><\/p>\n\n\n\n<p>J\u2019ai \u00e0 c\u0153ur de vous aider afin de vous soulager. Pour cela je suis \u00e0 l\u2019\u00e9coute des sympt\u00f4mes identifi\u00e9s que vous me faites partager avant la s\u00e9ance, du contexte de leur \u00e9mergence, et ce, afin de cerner la mani\u00e8re dont les maux se sont r\u00e9veill\u00e9s en vous et la meilleure approche pour y rem\u00e9dier.<\/p>\n\n\n\n<p>J\u2019agis o\u00f9 le besoin s\u2019en fait sentir. Aussi n\u2019est-il pas rare que mon soin vous aide \u00e0 en d\u00e9coder les causes \u00e0 l\u2019origine afin d\u2019\u00e9viter les r\u00e9cidives. Mais \u00e0 tout moment, vous restez libres de revenir vers moi pour prolonger le soin ou l\u2019arr\u00eater si une seule s\u00e9ance a \u00e9t\u00e9 concluante.<\/p>\n\n\n\n<p><strong><em>Les bienfaits de son approche<\/em><\/strong><em>&nbsp;:<\/em> Ind\u00e9pendamment du soulagement ressenti lorsque j\u2019extrais une douleur, qu\u2019elle soit ponctuelle ou chronique, d\u2019ordre migraineuse, dorsale, digestive, ou une br\u00fblure dont je coupe le feu, on me dit souvent, \u00e0 la suite du soin, que l\u2019on se sent lib\u00e9r\u00e9 d\u2019un poids, plus l\u00e9ger et mieux dans sa peau ou que la qualit\u00e9 du sommeil s\u2019en ressent.<\/p>\n\n\n\n<p><strong>A qui s\u2019adressent vos soins&nbsp;?<\/strong><\/p>\n\n\n\n<p>Mes soins peuvent s\u2019adresser aussi bien \u00e0 un adulte qu\u2019\u00e0 un enfant<strong>.<\/strong> <\/p>\n\n\n\n<p>Apr\u00e8s une s\u00e9ance pour elles, il est arriv\u00e9 que certaines personnes me demandent aussi d\u2019intervenir pour leur animal de compagnie. &nbsp;Ces s\u00e9ances constituent aujourd\u2019hui un nouveau champ d&rsquo;action de mes capacit\u00e9s. <\/p>\n\n\n\n<p><\/p>\n","protected":false},"excerpt":{"rendered":"<p>R\u00e9gion Centre, France, Europe L\u2019\u00e9nergie fait des merveilles&nbsp;:Une approche humaine, une th\u00e9rapeute \u00e0 votre service J\u2019ai d\u00e9couvert le magn\u00e9tisme lorsque mes mains se sont \u00e9veill\u00e9es apr\u00e8s un profond bouleversement&nbsp;personnel. Ce don me vient de mon grand-p\u00e8re maternel avec lequel j\u2019entretenais &hellip; <a href=\"https:\/\/annetherapeute.com\/\">Continuer la lecture <span class=\"meta-nav\">&rarr;<\/span><\/a><\/p>\n","protected":false},"author":2,"featured_media":0,"parent":0,"menu_order":0,"comment_status":"closed","ping_status":"open","template":"","meta":{"footnotes":""},"class_list":["post-2","page","type-page","status-publish","hentry"],"_links":{"self":[{"href":"https:\/\/annetherapeute.com\/index.php?rest_route=\/wp\/v2\/pages\/2","targetHints":{"allow":["GET"]}}],"collection":[{"href":"https:\/\/annetherapeute.com\/index.php?rest_route=\/wp\/v2\/pages"}],"about":[{"href":"https:\/\/annetherapeute.com\/index.php?rest_route=\/wp\/v2\/types\/page"}],"author":[{"embeddable":true,"href":"https:\/\/annetherapeute.com\/index.php?rest_route=\/wp\/v2\/users\/2"}],"replies":[{"embeddable":true,"href":"https:\/\/annetherapeute.com\/index.php?rest_route=%2Fwp%2Fv2%2Fcomments&post=2"}],"version-history":[{"count":4,"href":"https:\/\/annetherapeute.com\/index.php?rest_route=\/wp\/v2\/pages\/2\/revisions"}],"predecessor-version":[{"id":114,"href":"https:\/\/annetherapeute.com\/index.php?rest_route=\/wp\/v2\/pages\/2\/revisions\/114"}],"wp:attachment":[{"href":"https:\/\/annetherapeute.com\/index.php?rest_route=%2Fwp%2Fv2%2Fmedia&parent=2"}],"curies":[{"name":"wp","href":"https:\/\/api.w.org\/{rel}","templated":true}]}}